{"id":357,"date":"2023-12-07T14:26:52","date_gmt":"2023-12-07T14:26:52","guid":{"rendered":"https:\/\/www.micancun.org\/en\/?page_id=357"},"modified":"2023-12-07T14:55:40","modified_gmt":"2023-12-07T14:55:40","slug":"terms-and-condition","status":"publish","type":"page","link":"https:\/\/www.micancun.org\/en\/terms-and-condition\/","title":{"rendered":"Terms and Condition"},"content":{"rendered":"<p>Effective Date: 7 de Diciembre 2023<\/p>\n<ol>\n<li><strong>Acceptance of Terms and Conditions<\/strong> These Terms and Conditions govern the access and use of the Mi Canc\u00fan website (&#8220;we&#8221; or &#8220;our&#8221;). By accessing and using our website, you agree to these terms in full. If you do not agree with any of these terms, we recommend that you do not use our website.<\/li>\n<li><strong>Description of the Website<\/strong> Mi Canc\u00fan is a tourist and news website that provides detailed information about the city of Canc\u00fan, including hotels, restaurants, bars, nightlife, clubs, beaches, and other aspects related to Canc\u00fan and the Riviera Maya. The website is available in both English and Spanish.<\/li>\n<li><strong>Contact Information<\/strong> The only means of contact is through email at <a href=\"mailto:joaquinvu@gmail.com\" target=\"_new\" rel=\"noopener\">joaquinvu@gmail.com<\/a> or via the contact page at <a href=\"https:\/\/www.micancun.org\/contacto\/\" target=\"_new\" rel=\"noopener\">https:\/\/www.micancun.org\/contacto\/<\/a>.<\/li>\n<li><strong>Privacy Policy<\/strong> Our Privacy Policy can be found at <a href=\"https:\/\/www.micancun.org\/politica-privacidad\/\" target=\"_new\" rel=\"noopener\">https:\/\/www.micancun.org\/politica-privacidad\/<\/a>. In this policy, we detail how we collect, use, and protect users&#8217; personal information.<\/li>\n<li><strong>Rules of Site Use<\/strong> We do not impose strict behavioral restrictions on our website. Users are free to access information, purchase affiliate products, share content, and copy information, provided they give appropriate credit to Mi Canc\u00fan and abide by applicable intellectual property laws.<\/li>\n<li><strong>Intellectual Property<\/strong> All content on Mi Canc\u00fan is our original work and is protected by copyright and other intellectual property laws. Unauthorized reproduction or misuse of our content is strictly prohibited.<\/li>\n<li><strong>Cookie Policy<\/strong> Our Cookie Policy can be found at <a href=\"https:\/\/www.micancun.org\/en\/cookie-policy\/\" target=\"_new\" rel=\"noopener\">https:\/\/www.micancun.org\/politica-de-cookies\/<\/a>. In this policy, we explain how we use cookies and similar technologies on the website.<\/li>\n<li><strong>Terms of Service<\/strong> Access to information on the website is free, and no registration is required. Products offered on the site are through third-party affiliate programs and are subject to the terms and conditions of those programs.<\/li>\n<li><strong>Changes to Terms and Conditions<\/strong> We reserve the right to update or modify these Terms and Conditions at any time. Any changes will be notified through the website, and users are responsible for periodically reviewing these updated terms and conditions.<\/li>\n<li><strong>Applicable Laws and Jurisdiction<\/strong> These Terms and Conditions are governed by the applicable laws of Mexico. Any legal dispute will be resolved in the competent courts of Mexico.<\/li>\n<\/ol>\n<p>By using the Mi Canc\u00fan website, users acknowledge and accept these terms and conditions in full. If you have any questions or concerns, please do not hesitate to contact us through our provided email contact.<\/p>\n","protected":false},"excerpt":{"rendered":"<p>Effective Date: 7 de Diciembre 2023 Acceptance of Terms and Conditions These Terms and Conditions govern the access and use of the Mi Canc\u00fan website (&#8220;we&#8221; or &#8220;our&#8221;). By accessing &hellip; <\/p>\n","protected":false},"author":1,"featured_media":0,"parent":0,"menu_order":0,"comment_status":"closed","ping_status":"closed","template":"","meta":{"footnotes":""},"class_list":["post-357","page","type-page","status-publish","hentry"],"yoast_head":"<!-- This site is optimized with the Yoast SEO plugin v27.2 - https:\/\/yoast.com\/product\/yoast-seo-wordpress\/ -->\n<title>Terms and Condition - My Cancun<\/title>\n<meta name=\"robots\" content=\"noindex, nofollow\" \/>\n<meta property=\"og:locale\" content=\"en_US\" \/>\n<meta property=\"og:type\" content=\"article\" \/>\n<meta property=\"og:title\" content=\"Terms and Condition - My Cancun\" \/>\n<meta property=\"og:description\" content=\"Effective Date: 7 de Diciembre 2023 Acceptance of Terms and Conditions These Terms and Conditions govern the access and use of the Mi Canc\u00fan website (&#8220;we&#8221; or &#8220;our&#8221;). By accessing &hellip;\" \/>\n<meta property=\"og:url\" content=\"https:\/\/www.micancun.org\/en\/terms-and-condition\/\" \/>\n<meta property=\"og:site_name\" content=\"My Cancun\" \/>\n<meta property=\"article:publisher\" content=\"https:\/\/www.facebook.com\/ConoceMiCancun\" \/>\n<meta property=\"article:modified_time\" content=\"2023-12-07T14:55:40+00:00\" \/>\n<meta property=\"og:image\" content=\"https:\/\/www.micancun.org\/en\/wp-content\/uploads\/2023\/08\/mi-cancun.png\" \/>\n\t<meta property=\"og:image:width\" content=\"280\" \/>\n\t<meta property=\"og:image:height\" content=\"93\" \/>\n\t<meta property=\"og:image:type\" content=\"image\/png\" \/>\n<meta name=\"twitter:card\" content=\"summary_large_image\" \/>\n<meta name=\"twitter:label1\" content=\"Est. reading time\" \/>\n\t<meta name=\"twitter:data1\" content=\"2 minutes\" \/>\n<script type=\"application\/ld+json\" class=\"yoast-schema-graph\">{\"@context\":\"https:\/\/schema.org\",\"@graph\":[{\"@type\":\"WebPage\",\"@id\":\"https:\/\/www.micancun.org\/en\/terms-and-condition\/\",\"url\":\"https:\/\/www.micancun.org\/en\/terms-and-condition\/\",\"name\":\"Terms and Condition - My Cancun\",\"isPartOf\":{\"@id\":\"https:\/\/www.micancun.org\/en\/#website\"},\"datePublished\":\"2023-12-07T14:26:52+00:00\",\"dateModified\":\"2023-12-07T14:55:40+00:00\",\"breadcrumb\":{\"@id\":\"https:\/\/www.micancun.org\/en\/terms-and-condition\/#breadcrumb\"},\"inLanguage\":\"en-US\",\"potentialAction\":[{\"@type\":\"ReadAction\",\"target\":[\"https:\/\/www.micancun.org\/en\/terms-and-condition\/\"]}]},{\"@type\":\"BreadcrumbList\",\"@id\":\"https:\/\/www.micancun.org\/en\/terms-and-condition\/#breadcrumb\",\"itemListElement\":[{\"@type\":\"ListItem\",\"position\":1,\"name\":\"Home\",\"item\":\"https:\/\/www.micancun.org\/en\/\"},{\"@type\":\"ListItem\",\"position\":2,\"name\":\"Terms and Condition\"}]},{\"@type\":\"WebSite\",\"@id\":\"https:\/\/www.micancun.org\/en\/#website\",\"url\":\"https:\/\/www.micancun.org\/en\/\",\"name\":\"My Cancun\",\"description\":\"My Cancun\",\"publisher\":{\"@id\":\"https:\/\/www.micancun.org\/en\/#organization\"},\"potentialAction\":[{\"@type\":\"SearchAction\",\"target\":{\"@type\":\"EntryPoint\",\"urlTemplate\":\"https:\/\/www.micancun.org\/en\/?s={search_term_string}\"},\"query-input\":{\"@type\":\"PropertyValueSpecification\",\"valueRequired\":true,\"valueName\":\"search_term_string\"}}],\"inLanguage\":\"en-US\"},{\"@type\":\"Organization\",\"@id\":\"https:\/\/www.micancun.org\/en\/#organization\",\"name\":\"My Cancun\",\"url\":\"https:\/\/www.micancun.org\/en\/\",\"logo\":{\"@type\":\"ImageObject\",\"inLanguage\":\"en-US\",\"@id\":\"https:\/\/www.micancun.org\/en\/#\/schema\/logo\/image\/\",\"url\":\"https:\/\/www.micancun.org\/en\/wp-content\/uploads\/2023\/08\/mi-cancun.png\",\"contentUrl\":\"https:\/\/www.micancun.org\/en\/wp-content\/uploads\/2023\/08\/mi-cancun.png\",\"width\":280,\"height\":93,\"caption\":\"My Cancun\"},\"image\":{\"@id\":\"https:\/\/www.micancun.org\/en\/#\/schema\/logo\/image\/\"},\"sameAs\":[\"https:\/\/www.facebook.com\/ConoceMiCancun\"]}]}<\/script>\n<!-- \/ Yoast SEO plugin. -->","yoast_head_json":{"title":"Terms and Condition - My Cancun","robots":{"index":"noindex","follow":"nofollow"},"og_locale":"en_US","og_type":"article","og_title":"Terms and Condition - My Cancun","og_description":"Effective Date: 7 de Diciembre 2023 Acceptance of Terms and Conditions These Terms and Conditions govern the access and use of the Mi Canc\u00fan website (&#8220;we&#8221; or &#8220;our&#8221;). By accessing &hellip;","og_url":"https:\/\/www.micancun.org\/en\/terms-and-condition\/","og_site_name":"My Cancun","article_publisher":"https:\/\/www.facebook.com\/ConoceMiCancun","article_modified_time":"2023-12-07T14:55:40+00:00","og_image":[{"width":280,"height":93,"url":"https:\/\/www.micancun.org\/en\/wp-content\/uploads\/2023\/08\/mi-cancun.png","type":"image\/png"}],"twitter_card":"summary_large_image","twitter_misc":{"Est. reading time":"2 minutes"},"schema":{"@context":"https:\/\/schema.org","@graph":[{"@type":"WebPage","@id":"https:\/\/www.micancun.org\/en\/terms-and-condition\/","url":"https:\/\/www.micancun.org\/en\/terms-and-condition\/","name":"Terms and Condition - My Cancun","isPartOf":{"@id":"https:\/\/www.micancun.org\/en\/#website"},"datePublished":"2023-12-07T14:26:52+00:00","dateModified":"2023-12-07T14:55:40+00:00","breadcrumb":{"@id":"https:\/\/www.micancun.org\/en\/terms-and-condition\/#breadcrumb"},"inLanguage":"en-US","potentialAction":[{"@type":"ReadAction","target":["https:\/\/www.micancun.org\/en\/terms-and-condition\/"]}]},{"@type":"BreadcrumbList","@id":"https:\/\/www.micancun.org\/en\/terms-and-condition\/#breadcrumb","itemListElement":[{"@type":"ListItem","position":1,"name":"Home","item":"https:\/\/www.micancun.org\/en\/"},{"@type":"ListItem","position":2,"name":"Terms and Condition"}]},{"@type":"WebSite","@id":"https:\/\/www.micancun.org\/en\/#website","url":"https:\/\/www.micancun.org\/en\/","name":"My Cancun","description":"My Cancun","publisher":{"@id":"https:\/\/www.micancun.org\/en\/#organization"},"potentialAction":[{"@type":"SearchAction","target":{"@type":"EntryPoint","urlTemplate":"https:\/\/www.micancun.org\/en\/?s={search_term_string}"},"query-input":{"@type":"PropertyValueSpecification","valueRequired":true,"valueName":"search_term_string"}}],"inLanguage":"en-US"},{"@type":"Organization","@id":"https:\/\/www.micancun.org\/en\/#organization","name":"My Cancun","url":"https:\/\/www.micancun.org\/en\/","logo":{"@type":"ImageObject","inLanguage":"en-US","@id":"https:\/\/www.micancun.org\/en\/#\/schema\/logo\/image\/","url":"https:\/\/www.micancun.org\/en\/wp-content\/uploads\/2023\/08\/mi-cancun.png","contentUrl":"https:\/\/www.micancun.org\/en\/wp-content\/uploads\/2023\/08\/mi-cancun.png","width":280,"height":93,"caption":"My Cancun"},"image":{"@id":"https:\/\/www.micancun.org\/en\/#\/schema\/logo\/image\/"},"sameAs":["https:\/\/www.facebook.com\/ConoceMiCancun"]}]}},"_links":{"self":[{"href":"https:\/\/www.micancun.org\/en\/wp-json\/wp\/v2\/pages\/357","targetHints":{"allow":["GET"]}}],"collection":[{"href":"https:\/\/www.micancun.org\/en\/wp-json\/wp\/v2\/pages"}],"about":[{"href":"https:\/\/www.micancun.org\/en\/wp-json\/wp\/v2\/types\/page"}],"author":[{"embeddable":true,"href":"https:\/\/www.micancun.org\/en\/wp-json\/wp\/v2\/users\/1"}],"replies":[{"embeddable":true,"href":"https:\/\/www.micancun.org\/en\/wp-json\/wp\/v2\/comments?post=357"}],"version-history":[{"count":3,"href":"https:\/\/www.micancun.org\/en\/wp-json\/wp\/v2\/pages\/357\/revisions"}],"predecessor-version":[{"id":364,"href":"https:\/\/www.micancun.org\/en\/wp-json\/wp\/v2\/pages\/357\/revisions\/364"}],"wp:attachment":[{"href":"https:\/\/www.micancun.org\/en\/wp-json\/wp\/v2\/media?parent=357"}],"curies":[{"name":"wp","href":"https:\/\/api.w.org\/{rel}","templated":true}]}}